{"id":34269,"date":"2025-04-02T01:52:06","date_gmt":"2025-04-01T23:52:06","guid":{"rendered":"https:\/\/www.chateaux-france.app\/product\/receptions-at-the-chateau-2\/"},"modified":"2026-03-10T12:17:20","modified_gmt":"2026-03-10T10:17:20","slug":"receptions-at-the-chateau-2","status":"publish","type":"product","link":"https:\/\/www.chateaux-france.app\/en\/product\/receptions-at-the-chateau-2\/","title":{"rendered":"Receptions at the Chateau"},"content":{"rendered":"<h2><strong>Ch\u00e2teau de Jumilhac, An ideal venue for receptions in Dordogne, P\u00e9rigord, between Limoges, Brive-la-Gaillarde and P\u00e9rigueux:<\/strong><\/h2>\n<p><strong>Receptions\/Private Events types :<\/strong><\/p>\n<p>Fashion shows<br \/>\nFilm shoots<br \/>\nParties<br \/>\nConcerts<br \/>\nWeddings<br \/>\nReceptions<br \/>\nDinners<\/p>\n<p><strong>Services included in the price of renting :<\/strong><\/p>\n<p>insurance<br \/>\ntables<\/p>\n<p><strong>Description :<\/strong><\/p>\n<p>Arranged on two levels, the reception rooms can accommodate all types of events:<br \/>&#8211; Cocktail reception or drinks reception (up to 2,000 people in tents) on the terraced gardens adjacent to the church (tents available at an additional cost),<br \/>&#8211; Dinner, buffet, cocktail reception (in case of rain), exhibition, cloakroom in the vaulted choir stalls,<br \/>&#8211; Seated dinner, evening event, in the Richelieu rooms (two adjoining rooms on the first floor).<br \/>&#8211; A 45 m\u00b2 extension (small lounge, kitchenette, bedroom, and bathroom) is available for use as needed for table service, children&#8217;s activities, cloakroom, etc.<\/p>\n<blockquote><p><strong>Tariffs are indicative and will be subject to an Estimate\/quote issued by the establishment.<\/strong><\/p><\/blockquote>\n<table border=\"0\" cellpadding=\"1\">\n<tbody>\n<tr>\n<td colspan=\"2\" align=\"center\"><strong>Rooms Richelieu<\/strong><\/td>\n<\/tr>\n<tr>\n<td align=\"right\" valign=\"top\"><b>Area:<\/b><\/td>\n<td><b>200 m2<\/b><\/td>\n<\/tr>\n<tr>\n<td align=\"right\" valign=\"top\"><b>Capacities :<\/b> (persons)<\/td>\n<td>\n<table border=\"0\" cellspacing=\"0\" cellpadding=\"0\">\n<tbody>\n<tr>\n<td>Table<\/td>\n<td>192 pers.<\/td>\n<\/tr>\n<tr>\n<td>Theatre<\/td>\n<td>188 pers.<\/td>\n<\/tr>\n<tr>\n<td>Cocktail<\/td>\n<td>350 pers.<\/td>\n<\/tr>\n<\/tbody>\n<\/table>\n<\/td>\n<\/tr>\n<tr>\n<td align=\"right\" valign=\"top\"><b>Sanitary facilities :<\/b><\/td>\n<td><b>2<\/b><\/td>\n<\/tr>\n<\/tbody>\n<\/table>\n<p><img decoding=\"async\" class=\"alignnone size-medium wp-image-17711\" src=\"https:\/\/chateaux-france.app\/wp-content\/uploads\/2025\/04\/jumilhacptconseil-300x226.jpg\" alt=\"\" width=\"300\" height=\"226\" srcset=\"https:\/\/www.chateaux-france.app\/wp-content\/uploads\/2025\/04\/jumilhacptconseil-300x226.jpg 300w, https:\/\/www.chateaux-france.app\/wp-content\/uploads\/2025\/04\/jumilhacptconseil.jpg 320w\" sizes=\"(max-width: 300px) 100vw, 300px\" \/><\/p>\n<table border=\"0\" cellpadding=\"1\">\n<tbody>\n<tr>\n<td colspan=\"2\" align=\"center\"><strong>Rooms Richelieu<\/strong><\/td>\n<\/tr>\n<tr>\n<td align=\"right\" valign=\"top\"><b>Area :<\/b><\/td>\n<td><b>68 m2<\/b><\/td>\n<\/tr>\n<tr>\n<td align=\"right\" valign=\"top\"><b>Capacities :<\/b> (persons)<\/td>\n<td>\n<table border=\"0\" cellspacing=\"0\" cellpadding=\"0\">\n<tbody>\n<tr>\n<td>Table<\/td>\n<td>48 pers.<\/td>\n<\/tr>\n<tr>\n<td>Theatre<\/td>\n<td>100 pers.<\/td>\n<\/tr>\n<tr>\n<td>Cocktail<\/td>\n<td>120 pers.<\/td>\n<\/tr>\n<\/tbody>\n<\/table>\n<\/td>\n<\/tr>\n<tr>\n<td align=\"right\" valign=\"top\"><b>Sanitary facilities :<\/b><\/td>\n<td><b>2<\/b><\/td>\n<\/tr>\n<\/tbody>\n<\/table>\n<p><img decoding=\"async\" class=\"alignnone size-medium wp-image-17712\" src=\"https:\/\/chateaux-france.app\/wp-content\/uploads\/2025\/04\/jumilhacsallecardinal-300x225.jpg\" alt=\"\" width=\"300\" height=\"225\" srcset=\"https:\/\/www.chateaux-france.app\/wp-content\/uploads\/2025\/04\/jumilhacsallecardinal-300x225.jpg 300w, https:\/\/www.chateaux-france.app\/wp-content\/uploads\/2025\/04\/jumilhacsallecardinal.jpg 320w\" sizes=\"(max-width: 300px) 100vw, 300px\" \/><\/p>\n<table border=\"0\" cellpadding=\"1\">\n<tbody>\n<tr>\n<td colspan=\"2\" align=\"center\"><strong>Salle Les Stalles<br \/>\n<\/strong><\/td>\n<\/tr>\n<tr>\n<td align=\"right\" valign=\"top\"><b>Area :<\/b><\/td>\n<td><b>143 m2<\/b><\/td>\n<\/tr>\n<tr>\n<td align=\"right\" valign=\"top\"><b>Capacities :<\/b> (persons)<\/td>\n<td>\n<table border=\"0\" cellspacing=\"0\" cellpadding=\"0\">\n<tbody>\n<tr>\n<td>Table<\/td>\n<td>80 pers.<\/td>\n<\/tr>\n<tr>\n<td>Cocktail<\/td>\n<td>250 pers.<\/td>\n<\/tr>\n<\/tbody>\n<\/table>\n<\/td>\n<\/tr>\n<tr>\n<td align=\"right\" valign=\"top\"><b>Sanitary facilities :<\/b><\/td>\n<td><b>2<\/b><\/td>\n<\/tr>\n<\/tbody>\n<\/table>\n<p><img decoding=\"async\" class=\"alignnone size-medium wp-image-17713\" src=\"https:\/\/chateaux-france.app\/wp-content\/uploads\/2025\/04\/jumilhacsallevoutea-300x226.jpg\" alt=\"\" width=\"300\" height=\"226\" srcset=\"https:\/\/www.chateaux-france.app\/wp-content\/uploads\/2025\/04\/jumilhacsallevoutea-300x226.jpg 300w, https:\/\/www.chateaux-france.app\/wp-content\/uploads\/2025\/04\/jumilhacsallevoutea.jpg 320w\" sizes=\"(max-width: 300px) 100vw, 300px\" \/><\/p>\n","protected":false},"excerpt":{"rendered":"<p>Ch\u00e2teau de Jumilhac, An ideal venue for receptions in Dordogne, P\u00e9rigord, between Limoges, Brive-la-Gaillarde and P\u00e9rigueux: Receptions\/Private Events types : Fashion shows Film shoots Parties Concerts Weddings Receptions Dinners Services included in the price of renting : insurance tables Description : Arranged on two levels, the reception rooms can accommodate all types of events:&#8211; Cocktail [&hellip;]<\/p>\n","protected":false},"featured_media":19884,"comment_status":"open","ping_status":"closed","template":"","meta":{"content-type":""},"product_brand":[],"product_cat":[117,116],"product_tag":[],"class_list":{"0":"post-34269","1":"product","2":"type-product","3":"status-publish","4":"has-post-thumbnail","6":"product_cat-event","7":"product_cat-reception","9":"first","10":"instock","11":"virtual","12":"sold-individually","13":"taxable","14":"purchasable","15":"product-type-booking"},"booking_location":"","booking_location_type":"","booking_duration":1,"booking_duration_unit":"day","booking_buffer":0,"booking_cost":0,"booking_resources":[],"_links":{"self":[{"href":"https:\/\/www.chateaux-france.app\/en\/wp-json\/wp\/v2\/product\/34269","targetHints":{"allow":["GET"]}}],"collection":[{"href":"https:\/\/www.chateaux-france.app\/en\/wp-json\/wp\/v2\/product"}],"about":[{"href":"https:\/\/www.chateaux-france.app\/en\/wp-json\/wp\/v2\/types\/product"}],"replies":[{"embeddable":true,"href":"https:\/\/www.chateaux-france.app\/en\/wp-json\/wp\/v2\/comments?post=34269"}],"version-history":[{"count":1,"href":"https:\/\/www.chateaux-france.app\/en\/wp-json\/wp\/v2\/product\/34269\/revisions"}],"predecessor-version":[{"id":34600,"href":"https:\/\/www.chateaux-france.app\/en\/wp-json\/wp\/v2\/product\/34269\/revisions\/34600"}],"wp:featuredmedia":[{"embeddable":true,"href":"https:\/\/www.chateaux-france.app\/en\/wp-json\/wp\/v2\/media\/19884"}],"wp:attachment":[{"href":"https:\/\/www.chateaux-france.app\/en\/wp-json\/wp\/v2\/media?parent=34269"}],"wp:term":[{"taxonomy":"product_brand","embeddable":true,"href":"https:\/\/www.chateaux-france.app\/en\/wp-json\/wp\/v2\/product_brand?post=34269"},{"taxonomy":"product_cat","embeddable":true,"href":"https:\/\/www.chateaux-france.app\/en\/wp-json\/wp\/v2\/product_cat?post=34269"},{"taxonomy":"product_tag","embeddable":true,"href":"https:\/\/www.chateaux-france.app\/en\/wp-json\/wp\/v2\/product_tag?post=34269"}],"curies":[{"name":"wp","href":"https:\/\/api.w.org\/{rel}","templated":true}]}}